{"id":7929,"date":"2021-07-15T12:00:18","date_gmt":"2021-07-15T10:00:18","guid":{"rendered":"https:\/\/valco.de\/assembly-worker-m-f-d\/"},"modified":"2023-12-01T09:25:21","modified_gmt":"2023-12-01T08:25:21","slug":"assembly-worker-m-f-d","status":"publish","type":"page","link":"https:\/\/valco.de\/en\/assembly-worker-m-f-d\/","title":{"rendered":"Assembly worker (m\/f\/d)"},"content":{"rendered":"<p>[et_pb_section fb_built=&#8221;1&#8243; fullwidth=&#8221;on&#8221; _builder_version=&#8221;4.16&#8243; _module_preset=&#8221;default&#8221; custom_margin_tablet=&#8221;||||false|false&#8221; custom_margin_phone=&#8221;80px||||false|false&#8221; custom_margin_last_edited=&#8221;on|phone&#8221; bottom_divider_style=&#8221;arrow2&#8243; bottom_divider_color=&#8221;#f7f7f7&#8243; bottom_divider_height=&#8221;35px&#8221; bottom_divider_color_tablet=&#8221;&#8221; bottom_divider_color_phone=&#8221;&#8221; bottom_divider_color_last_edited=&#8221;on|phone&#8221; global_colors_info=&#8221;{}&#8221;][et_pb_fullwidth_image src=&#8221;https:\/\/valco.de\/wp-content\/uploads\/hintergrundbanner.jpg&#8221; title_text=&#8221;background banner&#8221; _builder_version=&#8221;4.16&#8243; _module_preset=&#8221;default&#8221; filter_brightness=&#8221;65%&#8221; global_colors_info=&#8221;{}&#8221;][\/et_pb_fullwidth_image][\/et_pb_section][et_pb_section fb_built=&#8221;1&#8243; admin_label=&#8221;Blog&#8221; _builder_version=&#8221;4.16&#8243; background_color=&#8221;#f7f7f7&#8243; global_colors_info=&#8221;{}&#8221;][et_pb_row _builder_version=&#8221;4.16&#8243; _module_preset=&#8221;default&#8221; custom_padding=&#8221;0px||0px|||&#8221; global_colors_info=&#8221;{}&#8221;][et_pb_column type=&#8221;4_4&#8243; _builder_version=&#8221;4.16&#8243; _module_preset=&#8221;default&#8221; global_colors_info=&#8221;{}&#8221;][et_pb_dcsbcm_divi_breadcrumbs_module separator=&#8221;sep-pipe&#8221; hide_currentbreadcrumb=&#8221;off&#8221; _builder_version=&#8221;4.16&#8243; _module_preset=&#8221;default&#8221; body_font=&#8221;||||||||&#8221; body_text_color=&#8221;#a9b4c2&#8243; fontsseparator_text_color=&#8221;#003da5&#8243; fontsbreadcrumblinks_font=&#8221;||||||||&#8221; fontsbreadcrumblinks_text_color=&#8221;#003da5&#8243; global_colors_info=&#8221;{}&#8221;][\/et_pb_dcsbcm_divi_breadcrumbs_module][\/et_pb_column][\/et_pb_row][et_pb_row _builder_version=&#8221;4.16&#8243; _module_preset=&#8221;default&#8221; global_colors_info=&#8221;{}&#8221;][et_pb_column type=&#8221;4_4&#8243; _builder_version=&#8221;4.16&#8243; _module_preset=&#8221;default&#8221; global_colors_info=&#8221;{}&#8221;][et_pb_text _builder_version=&#8221;4.22.2&#8243; _module_preset=&#8221;default&#8221; header_text_align=&#8221;left&#8221; header_text_color=&#8221;#003da5&#8243; hover_enabled=&#8221;0&#8243; global_colors_info=&#8221;{}&#8221; sticky_enabled=&#8221;0&#8243;]<\/p>\n<h1>Montagemitarbeiter\/in (m\/w)<\/h1>\n<p>[\/et_pb_text][et_pb_divider divider_weight=&#8221;4px&#8221; _builder_version=&#8221;4.16&#8243; _module_preset=&#8221;default&#8221; border_radii=&#8221;on|2px|2px|2px|2px&#8221; global_colors_info=&#8221;{}&#8221;][\/et_pb_divider][\/et_pb_column][\/et_pb_row][et_pb_row _builder_version=&#8221;4.16&#8243; _module_preset=&#8221;default&#8221; global_colors_info=&#8221;{}&#8221;][et_pb_column type=&#8221;4_4&#8243; _builder_version=&#8221;4.16&#8243; _module_preset=&#8221;default&#8221; global_colors_info=&#8221;{}&#8221;][et_pb_text _builder_version=&#8221;4.22.2&#8243; _module_preset=&#8221;default&#8221; text_orientation=&#8221;left&#8221; background_layout=&#8221;light&#8221; hover_enabled=&#8221;0&#8243; global_colors_info=&#8221;{}&#8221; sticky_enabled=&#8221;0&#8243;]<\/p>\n<p>VALCO GmbH<span>\u00a0<\/span><a href=\"https:\/\/www.valco.de\/\" title=\"Entstaubungstechnik von Valco\">Entstaubungstechnik<\/a><span>\u00a0<\/span>ist ein familiengef\u00fchrtes, international agierendes, erfolgreiches, Unternehmen und z\u00e4hlt zu den Marktf\u00fchrern im Bereich f\u00fcr Entstaubungstechnik in unterschiedlichsten Industriebereichen.<br \/>Zum n\u00e4chstm\u00f6glichen Zeitpunkt suchen wir:<\/p>\n<h4><strong>Montagemitarbeiter\/in f\u00fcr Absaug- und Filteranlagen (m\/w)<\/strong><\/h4>\n<p><strong>Wir suchen Sie:<\/strong><\/p>\n<ul>\n<li>Montagemitarbeiter (m\/w) in Deutschland<\/li>\n<\/ul>\n<p><strong>Ihre Aufgaben<\/strong><\/p>\n<ul>\n<li>Sie montieren im Team unsere Produkte wie beispielsweise Absaug- und Filteranlagen,<span>\u00a0<\/span><a href=\"https:\/\/www.valco.de\/staubabsaugung\/absauganlage-zubehoer\/schallschutzkabine\/\" title=\"Schallschutzkabinen\">Schallschutzkabinen<\/a><span>\u00a0<\/span>und Rohrleitungen<\/li>\n<\/ul>\n<p><strong>Ihr Profil<\/strong><\/p>\n<ul>\n<li>Ausbildung als Heizungs-, Klima-, L\u00fcftungsmonteur oder in einem vergleichbaren Bereich (Anlagenbau oder Mechatronik)<\/li>\n<li>PKW-F\u00fchrerschein und Reisebereitschaft<\/li>\n<li>Sie besitzen eine freundliche Ausstrahlung<\/li>\n<li>Gute Deutschkenntnisse<\/li>\n<li>Sie sind teamf\u00e4hig, motiviert und flexibel<\/li>\n<\/ul>\n<p><strong>Wir bieten Ihnen<\/strong><\/p>\n<ul>\n<li>Abwechslungsreiche Projekte<\/li>\n<li>Eine Position in einem etablierten und soliden Unternehmen<\/li>\n<li>Einen sicheren Arbeitsplatz<\/li>\n<li>Eine gute und gr\u00fcndliche Einarbeitung<\/li>\n<li>Ein \u00fcberdurchschnittliches Gehalt, Urlaubs- und Weihnachtsgeld<\/li>\n<li>Einen modernen Servicewagen<\/li>\n<\/ul>\n<p><strong>Sind Sie interessiert?<\/strong><\/p>\n<p>Wenn Sie eine langfristige und sichere Position suchen und bereit sind, mit gro\u00dfem Engagement unser kollegiales Team zu unterst\u00fctzen, freuen wir uns \u00fcber Ihre schriftliche Bewerbung. Bitte nennen Sie dabei Ihren fr\u00fchestm\u00f6glichen Eintrittstermin.<br \/>Bewerbungen bitte per E-Mail an:<span>\u00a0<\/span><a href=\"mailto:info@valco.de\">info@valco.de<\/a><\/p>\n<p>[\/et_pb_text][\/et_pb_column][\/et_pb_row][\/et_pb_section]<\/p>\n","protected":false},"excerpt":{"rendered":"<p>Montagemitarbeiter\/in (m\/w)VALCO GmbH\u00a0Entstaubungstechnik\u00a0ist ein familiengef\u00fchrtes, international agierendes, erfolgreiches, Unternehmen und z\u00e4hlt zu den Marktf\u00fchrern im Bereich f\u00fcr Entstaubungstechnik in unterschiedlichsten Industriebereichen.Zum n\u00e4chstm\u00f6glichen Zeitpunkt suchen wir: Montagemitarbeiter\/in f\u00fcr Absaug- und Filteranlagen (m\/w) Wir suchen Sie: Montagemitarbeiter (m\/w) in Deutschland Ihre Aufgaben Sie montieren im Team unsere Produkte wie beispielsweise Absaug- und Filteranlagen,\u00a0Schallschutzkabinen\u00a0und Rohrleitungen Ihr Profil Ausbildung [&hellip;]<\/p>\n","protected":false},"author":1,"featured_media":0,"parent":0,"menu_order":0,"comment_status":"closed","ping_status":"closed","template":"","meta":{"_et_pb_use_builder":"on","_et_pb_old_content":"","_et_gb_content_width":"","footnotes":""},"class_list":["post-7929","page","type-page","status-publish","hentry"],"yoast_head":"<!-- This site is optimized with the Yoast SEO plugin v27.3 - https:\/\/yoast.com\/product\/yoast-seo-wordpress\/ -->\n<title>Assembly worker (m\/f\/d) - VALCO Entstaubungstechnik<\/title>\n<meta name=\"description\" content=\"VALCO is a manufacturer of dust collection technology &amp; extraction systems with 35 years of experience. Extraction systems and Ex-filters for industry &amp; workshop.\" \/>\n<meta name=\"robots\" content=\"index, follow, max-snippet:-1, max-image-preview:large, max-video-preview:-1\" \/>\n<link rel=\"canonical\" href=\"https:\/\/valco.de\/en\/assembly-worker-m-f-d\/\" \/>\n<meta property=\"og:locale\" content=\"en_US\" \/>\n<meta property=\"og:type\" content=\"article\" \/>\n<meta property=\"og:title\" content=\"Assembly worker (m\/f\/d) - VALCO Entstaubungstechnik\" \/>\n<meta property=\"og:description\" content=\"VALCO is a manufacturer of dust collection technology &amp; extraction systems with 35 years of experience. Extraction systems and Ex-filters for industry &amp; workshop.\" \/>\n<meta property=\"og:url\" content=\"https:\/\/valco.de\/en\/assembly-worker-m-f-d\/\" \/>\n<meta property=\"og:site_name\" content=\"VALCO Entstaubungstechnik\" \/>\n<meta property=\"article:modified_time\" content=\"2023-12-01T08:25:21+00:00\" \/>\n<meta name=\"twitter:card\" content=\"summary_large_image\" \/>\n<meta name=\"twitter:label1\" content=\"Est. reading time\" \/>\n\t<meta name=\"twitter:data1\" content=\"3 minutes\" \/>\n<script type=\"application\/ld+json\" class=\"yoast-schema-graph\">{\"@context\":\"https:\\\/\\\/schema.org\",\"@graph\":[{\"@type\":\"WebPage\",\"@id\":\"https:\\\/\\\/valco.de\\\/en\\\/assembly-worker-m-f-d\\\/\",\"url\":\"https:\\\/\\\/valco.de\\\/en\\\/assembly-worker-m-f-d\\\/\",\"name\":\"Assembly worker (m\\\/f\\\/d) - VALCO Entstaubungstechnik\",\"isPartOf\":{\"@id\":\"https:\\\/\\\/valco.de\\\/en\\\/#website\"},\"datePublished\":\"2021-07-15T10:00:18+00:00\",\"dateModified\":\"2023-12-01T08:25:21+00:00\",\"description\":\"VALCO is a manufacturer of dust collection technology & extraction systems with 35 years of experience. Extraction systems and Ex-filters for industry & workshop.\",\"breadcrumb\":{\"@id\":\"https:\\\/\\\/valco.de\\\/en\\\/assembly-worker-m-f-d\\\/#breadcrumb\"},\"inLanguage\":\"en-US\",\"potentialAction\":[{\"@type\":\"ReadAction\",\"target\":[\"https:\\\/\\\/valco.de\\\/en\\\/assembly-worker-m-f-d\\\/\"]}]},{\"@type\":\"BreadcrumbList\",\"@id\":\"https:\\\/\\\/valco.de\\\/en\\\/assembly-worker-m-f-d\\\/#breadcrumb\",\"itemListElement\":[{\"@type\":\"ListItem\",\"position\":1,\"name\":\"Startseite\",\"item\":\"https:\\\/\\\/valco.de\\\/en\\\/\"},{\"@type\":\"ListItem\",\"position\":2,\"name\":\"Assembly worker (m\\\/f\\\/d)\"}]},{\"@type\":\"WebSite\",\"@id\":\"https:\\\/\\\/valco.de\\\/en\\\/#website\",\"url\":\"https:\\\/\\\/valco.de\\\/en\\\/\",\"name\":\"VALCO Entstaubungstechnik\",\"description\":\"\",\"publisher\":{\"@id\":\"https:\\\/\\\/valco.de\\\/en\\\/#organization\"},\"potentialAction\":[{\"@type\":\"SearchAction\",\"target\":{\"@type\":\"EntryPoint\",\"urlTemplate\":\"https:\\\/\\\/valco.de\\\/en\\\/?s={search_term_string}\"},\"query-input\":{\"@type\":\"PropertyValueSpecification\",\"valueRequired\":true,\"valueName\":\"search_term_string\"}}],\"inLanguage\":\"en-US\"},{\"@type\":\"Organization\",\"@id\":\"https:\\\/\\\/valco.de\\\/en\\\/#organization\",\"name\":\"VALCO GmbH Entstaubungstechnik\",\"alternateName\":\"VALCO GmbH\",\"url\":\"https:\\\/\\\/valco.de\\\/en\\\/\",\"logo\":{\"@type\":\"ImageObject\",\"inLanguage\":\"en-US\",\"@id\":\"https:\\\/\\\/valco.de\\\/en\\\/#\\\/schema\\\/logo\\\/image\\\/\",\"url\":\"https:\\\/\\\/valco.de\\\/wp-content\\\/uploads\\\/Valco-Logo.jpg\",\"contentUrl\":\"https:\\\/\\\/valco.de\\\/wp-content\\\/uploads\\\/Valco-Logo.jpg\",\"width\":1458,\"height\":708,\"caption\":\"VALCO GmbH Entstaubungstechnik\"},\"image\":{\"@id\":\"https:\\\/\\\/valco.de\\\/en\\\/#\\\/schema\\\/logo\\\/image\\\/\"}}]}<\/script>\n<!-- \/ Yoast SEO plugin. -->","yoast_head_json":{"title":"Assembly worker (m\/f\/d) - VALCO Entstaubungstechnik","description":"VALCO is a manufacturer of dust collection technology & extraction systems with 35 years of experience. Extraction systems and Ex-filters for industry & workshop.","robots":{"index":"index","follow":"follow","max-snippet":"max-snippet:-1","max-image-preview":"max-image-preview:large","max-video-preview":"max-video-preview:-1"},"canonical":"https:\/\/valco.de\/en\/assembly-worker-m-f-d\/","og_locale":"en_US","og_type":"article","og_title":"Assembly worker (m\/f\/d) - VALCO Entstaubungstechnik","og_description":"VALCO is a manufacturer of dust collection technology & extraction systems with 35 years of experience. Extraction systems and Ex-filters for industry & workshop.","og_url":"https:\/\/valco.de\/en\/assembly-worker-m-f-d\/","og_site_name":"VALCO Entstaubungstechnik","article_modified_time":"2023-12-01T08:25:21+00:00","twitter_card":"summary_large_image","twitter_misc":{"Est. reading time":"3 minutes"},"schema":{"@context":"https:\/\/schema.org","@graph":[{"@type":"WebPage","@id":"https:\/\/valco.de\/en\/assembly-worker-m-f-d\/","url":"https:\/\/valco.de\/en\/assembly-worker-m-f-d\/","name":"Assembly worker (m\/f\/d) - VALCO Entstaubungstechnik","isPartOf":{"@id":"https:\/\/valco.de\/en\/#website"},"datePublished":"2021-07-15T10:00:18+00:00","dateModified":"2023-12-01T08:25:21+00:00","description":"VALCO is a manufacturer of dust collection technology & extraction systems with 35 years of experience. Extraction systems and Ex-filters for industry & workshop.","breadcrumb":{"@id":"https:\/\/valco.de\/en\/assembly-worker-m-f-d\/#breadcrumb"},"inLanguage":"en-US","potentialAction":[{"@type":"ReadAction","target":["https:\/\/valco.de\/en\/assembly-worker-m-f-d\/"]}]},{"@type":"BreadcrumbList","@id":"https:\/\/valco.de\/en\/assembly-worker-m-f-d\/#breadcrumb","itemListElement":[{"@type":"ListItem","position":1,"name":"Startseite","item":"https:\/\/valco.de\/en\/"},{"@type":"ListItem","position":2,"name":"Assembly worker (m\/f\/d)"}]},{"@type":"WebSite","@id":"https:\/\/valco.de\/en\/#website","url":"https:\/\/valco.de\/en\/","name":"VALCO Entstaubungstechnik","description":"","publisher":{"@id":"https:\/\/valco.de\/en\/#organization"},"potentialAction":[{"@type":"SearchAction","target":{"@type":"EntryPoint","urlTemplate":"https:\/\/valco.de\/en\/?s={search_term_string}"},"query-input":{"@type":"PropertyValueSpecification","valueRequired":true,"valueName":"search_term_string"}}],"inLanguage":"en-US"},{"@type":"Organization","@id":"https:\/\/valco.de\/en\/#organization","name":"VALCO GmbH Entstaubungstechnik","alternateName":"VALCO GmbH","url":"https:\/\/valco.de\/en\/","logo":{"@type":"ImageObject","inLanguage":"en-US","@id":"https:\/\/valco.de\/en\/#\/schema\/logo\/image\/","url":"https:\/\/valco.de\/wp-content\/uploads\/Valco-Logo.jpg","contentUrl":"https:\/\/valco.de\/wp-content\/uploads\/Valco-Logo.jpg","width":1458,"height":708,"caption":"VALCO GmbH Entstaubungstechnik"},"image":{"@id":"https:\/\/valco.de\/en\/#\/schema\/logo\/image\/"}}]}},"_links":{"self":[{"href":"https:\/\/valco.de\/en\/wp-json\/wp\/v2\/pages\/7929","targetHints":{"allow":["GET"]}}],"collection":[{"href":"https:\/\/valco.de\/en\/wp-json\/wp\/v2\/pages"}],"about":[{"href":"https:\/\/valco.de\/en\/wp-json\/wp\/v2\/types\/page"}],"author":[{"embeddable":true,"href":"https:\/\/valco.de\/en\/wp-json\/wp\/v2\/users\/1"}],"replies":[{"embeddable":true,"href":"https:\/\/valco.de\/en\/wp-json\/wp\/v2\/comments?post=7929"}],"version-history":[{"count":4,"href":"https:\/\/valco.de\/en\/wp-json\/wp\/v2\/pages\/7929\/revisions"}],"predecessor-version":[{"id":8959,"href":"https:\/\/valco.de\/en\/wp-json\/wp\/v2\/pages\/7929\/revisions\/8959"}],"wp:attachment":[{"href":"https:\/\/valco.de\/en\/wp-json\/wp\/v2\/media?parent=7929"}],"curies":[{"name":"wp","href":"https:\/\/api.w.org\/{rel}","templated":true}]}}